{"id":1668,"date":"2024-02-19T19:39:57","date_gmt":"2024-02-19T22:39:57","guid":{"rendered":"https:\/\/mktpromodigital.com.br\/clientes\/?page_id=1668"},"modified":"2024-04-11T03:55:08","modified_gmt":"2024-04-11T06:55:08","slug":"blog-fingerprint","status":"publish","type":"page","link":"https:\/\/mktpromodigital.com.br\/clientes\/blog-fingerprint\/","title":{"rendered":"Blog Fingerprint"},"content":{"rendered":"\t\t<div data-elementor-type=\"wp-page\" data-elementor-id=\"1668\" class=\"elementor elementor-1668\" data-elementor-post-type=\"page\">\n\t\t\t\t<div class=\"elementor-element elementor-element-d4816a7 e-flex e-con-boxed e-con e-parent\" data-id=\"d4816a7\" data-element_type=\"container\" data-settings=\"{&quot;background_background&quot;:&quot;classic&quot;}\">\n\t\t\t\t\t<div class=\"e-con-inner\">\n\t\t\t\t<div class=\"elementor-element elementor-element-f8c7765 elementor-posts--align-center elementor-grid-3 elementor-grid-tablet-2 elementor-grid-mobile-1 elementor-posts--thumbnail-top elementor-widget elementor-widget-posts\" data-id=\"f8c7765\" data-element_type=\"widget\" data-settings=\"{&quot;classic_row_gap&quot;:{&quot;unit&quot;:&quot;px&quot;,&quot;size&quot;:50,&quot;sizes&quot;:[]},&quot;classic_row_gap_tablet&quot;:{&quot;unit&quot;:&quot;px&quot;,&quot;size&quot;:40,&quot;sizes&quot;:[]},&quot;classic_row_gap_mobile&quot;:{&quot;unit&quot;:&quot;px&quot;,&quot;size&quot;:60,&quot;sizes&quot;:[]},&quot;pagination_type&quot;:&quot;prev_next&quot;,&quot;classic_columns&quot;:&quot;3&quot;,&quot;classic_columns_tablet&quot;:&quot;2&quot;,&quot;classic_columns_mobile&quot;:&quot;1&quot;}\" data-widget_type=\"posts.classic\">\n\t\t\t\t<div class=\"elementor-widget-container\">\n\t\t\t\t\t\t\t<div class=\"elementor-posts-container elementor-posts elementor-posts--skin-classic elementor-grid\">\n\t\t\t\t<article class=\"elementor-post elementor-grid-item post-1845 post type-post status-publish format-standard has-post-thumbnail hentry category-sem-categoria\">\n\t\t\t\t<a class=\"elementor-post__thumbnail__link\" href=\"https:\/\/mktpromodigital.com.br\/clientes\/voce-sabe-o-que-e-parentalidade-positiva\/\" tabindex=\"-1\" >\n\t\t\t<div class=\"elementor-post__thumbnail\"><img fetchpriority=\"high\" decoding=\"async\" width=\"1024\" height=\"525\" src=\"https:\/\/mktpromodigital.com.br\/clientes\/wp-content\/uploads\/2024\/02\/felicidade-em-familia-1024x525.jpg\" class=\"attachment-large size-large wp-image-1848\" alt=\"\" srcset=\"https:\/\/mktpromodigital.com.br\/clientes\/wp-content\/uploads\/2024\/02\/felicidade-em-familia-1024x525.jpg 1024w, https:\/\/mktpromodigital.com.br\/clientes\/wp-content\/uploads\/2024\/02\/felicidade-em-familia-300x154.jpg 300w, https:\/\/mktpromodigital.com.br\/clientes\/wp-content\/uploads\/2024\/02\/felicidade-em-familia-768x393.jpg 768w, https:\/\/mktpromodigital.com.br\/clientes\/wp-content\/uploads\/2024\/02\/felicidade-em-familia.jpg 1140w\" sizes=\"(max-width: 1024px) 100vw, 1024px\" \/><\/div>\n\t\t<\/a>\n\t\t\t\t<div class=\"elementor-post__text\">\n\t\t\t\t<h3 class=\"elementor-post__title\">\n\t\t\t<a href=\"https:\/\/mktpromodigital.com.br\/clientes\/voce-sabe-o-que-e-parentalidade-positiva\/\" >\n\t\t\t\tVoc\u00ea sabe o que \u00e9 parentalidade positiva?\t\t\t<\/a>\n\t\t<\/h3>\n\t\t\t\t<div class=\"elementor-post__meta-data\">\n\t\t\t\t\t<span class=\"elementor-post-date\">\n\t\t\t31 de janeiro de 2024\t\t<\/span>\n\t\t\t\t<\/div>\n\t\t\n\t\t<a class=\"elementor-post__read-more\" href=\"https:\/\/mktpromodigital.com.br\/clientes\/voce-sabe-o-que-e-parentalidade-positiva\/\" aria-label=\"Read more about Voc\u00ea sabe o que \u00e9 parentalidade positiva?\" tabindex=\"-1\" >\n\t\t\tLeia mais\t\t<\/a>\n\n\t\t\t\t<\/div>\n\t\t\t\t<\/article>\n\t\t\t\t<article class=\"elementor-post elementor-grid-item post-1846 post type-post status-publish format-standard has-post-thumbnail hentry category-sem-categoria\">\n\t\t\t\t<a class=\"elementor-post__thumbnail__link\" href=\"https:\/\/mktpromodigital.com.br\/clientes\/a-sindrome-da-pessima-mae\/\" tabindex=\"-1\" >\n\t\t\t<div class=\"elementor-post__thumbnail\"><img decoding=\"async\" width=\"400\" height=\"359\" src=\"https:\/\/mktpromodigital.com.br\/clientes\/wp-content\/uploads\/2024\/02\/A-sindrome-da-pessima-mae.jpg\" class=\"attachment-large size-large wp-image-1849\" alt=\"\" srcset=\"https:\/\/mktpromodigital.com.br\/clientes\/wp-content\/uploads\/2024\/02\/A-sindrome-da-pessima-mae.jpg 400w, https:\/\/mktpromodigital.com.br\/clientes\/wp-content\/uploads\/2024\/02\/A-sindrome-da-pessima-mae-300x269.jpg 300w\" sizes=\"(max-width: 400px) 100vw, 400px\" \/><\/div>\n\t\t<\/a>\n\t\t\t\t<div class=\"elementor-post__text\">\n\t\t\t\t<h3 class=\"elementor-post__title\">\n\t\t\t<a href=\"https:\/\/mktpromodigital.com.br\/clientes\/a-sindrome-da-pessima-mae\/\" >\n\t\t\t\tA s\u00edndrome da p\u00e9ssima m\u00e3e\t\t\t<\/a>\n\t\t<\/h3>\n\t\t\t\t<div class=\"elementor-post__meta-data\">\n\t\t\t\t\t<span class=\"elementor-post-date\">\n\t\t\t31 de janeiro de 2024\t\t<\/span>\n\t\t\t\t<\/div>\n\t\t\n\t\t<a class=\"elementor-post__read-more\" href=\"https:\/\/mktpromodigital.com.br\/clientes\/a-sindrome-da-pessima-mae\/\" aria-label=\"Read more about A s\u00edndrome da p\u00e9ssima m\u00e3e\" tabindex=\"-1\" >\n\t\t\tLeia mais\t\t<\/a>\n\n\t\t\t\t<\/div>\n\t\t\t\t<\/article>\n\t\t\t\t<article class=\"elementor-post elementor-grid-item post-1 post type-post status-publish format-standard has-post-thumbnail hentry category-sem-categoria\">\n\t\t\t\t<a class=\"elementor-post__thumbnail__link\" href=\"https:\/\/mktpromodigital.com.br\/clientes\/nosso-ministerio\/\" tabindex=\"-1\" >\n\t\t\t<div class=\"elementor-post__thumbnail\"><img decoding=\"async\" width=\"1024\" height=\"1024\" src=\"https:\/\/mktpromodigital.com.br\/clientes\/wp-content\/uploads\/2024\/01\/logo-fingerprint-1024x1024.png\" class=\"attachment-large size-large wp-image-1508\" alt=\"\" srcset=\"https:\/\/mktpromodigital.com.br\/clientes\/wp-content\/uploads\/2024\/01\/logo-fingerprint-1024x1024.png 1024w, https:\/\/mktpromodigital.com.br\/clientes\/wp-content\/uploads\/2024\/01\/logo-fingerprint-300x300.png 300w, https:\/\/mktpromodigital.com.br\/clientes\/wp-content\/uploads\/2024\/01\/logo-fingerprint-150x150.png 150w, https:\/\/mktpromodigital.com.br\/clientes\/wp-content\/uploads\/2024\/01\/logo-fingerprint-768x768.png 768w, https:\/\/mktpromodigital.com.br\/clientes\/wp-content\/uploads\/2024\/01\/logo-fingerprint.png 1440w\" sizes=\"(max-width: 1024px) 100vw, 1024px\" \/><\/div>\n\t\t<\/a>\n\t\t\t\t<div class=\"elementor-post__text\">\n\t\t\t\t<h3 class=\"elementor-post__title\">\n\t\t\t<a href=\"https:\/\/mktpromodigital.com.br\/clientes\/nosso-ministerio\/\" >\n\t\t\t\tNosso minist\u00e9rio\t\t\t<\/a>\n\t\t<\/h3>\n\t\t\t\t<div class=\"elementor-post__meta-data\">\n\t\t\t\t\t<span class=\"elementor-post-date\">\n\t\t\t26 de janeiro de 2024\t\t<\/span>\n\t\t\t\t<\/div>\n\t\t\n\t\t<a class=\"elementor-post__read-more\" href=\"https:\/\/mktpromodigital.com.br\/clientes\/nosso-ministerio\/\" aria-label=\"Read more about Nosso minist\u00e9rio\" tabindex=\"-1\" >\n\t\t\tLeia mais\t\t<\/a>\n\n\t\t\t\t<\/div>\n\t\t\t\t<\/article>\n\t\t\t\t<article class=\"elementor-post elementor-grid-item post-1812 post type-post status-publish format-standard has-post-thumbnail hentry category-sem-categoria\">\n\t\t\t\t<a class=\"elementor-post__thumbnail__link\" href=\"https:\/\/mktpromodigital.com.br\/clientes\/tres-eixos-importantes\/\" tabindex=\"-1\" >\n\t\t\t<div class=\"elementor-post__thumbnail\"><img loading=\"lazy\" decoding=\"async\" width=\"900\" height=\"946\" src=\"https:\/\/mktpromodigital.com.br\/clientes\/wp-content\/uploads\/2024\/01\/tres-pilares.jpg\" class=\"attachment-large size-large wp-image-1851\" alt=\"\" srcset=\"https:\/\/mktpromodigital.com.br\/clientes\/wp-content\/uploads\/2024\/01\/tres-pilares.jpg 900w, https:\/\/mktpromodigital.com.br\/clientes\/wp-content\/uploads\/2024\/01\/tres-pilares-285x300.jpg 285w, https:\/\/mktpromodigital.com.br\/clientes\/wp-content\/uploads\/2024\/01\/tres-pilares-768x807.jpg 768w\" sizes=\"(max-width: 900px) 100vw, 900px\" \/><\/div>\n\t\t<\/a>\n\t\t\t\t<div class=\"elementor-post__text\">\n\t\t\t\t<h3 class=\"elementor-post__title\">\n\t\t\t<a href=\"https:\/\/mktpromodigital.com.br\/clientes\/tres-eixos-importantes\/\" >\n\t\t\t\tTr\u00eas eixos importantes\t\t\t<\/a>\n\t\t<\/h3>\n\t\t\t\t<div class=\"elementor-post__meta-data\">\n\t\t\t\t\t<span class=\"elementor-post-date\">\n\t\t\t19 de janeiro de 2024\t\t<\/span>\n\t\t\t\t<\/div>\n\t\t\n\t\t<a class=\"elementor-post__read-more\" href=\"https:\/\/mktpromodigital.com.br\/clientes\/tres-eixos-importantes\/\" aria-label=\"Read more about Tr\u00eas eixos importantes\" tabindex=\"-1\" >\n\t\t\tLeia mais\t\t<\/a>\n\n\t\t\t\t<\/div>\n\t\t\t\t<\/article>\n\t\t\t\t<\/div>\n\t\t\n\t\t\t\t\t\t<\/div>\n\t\t\t\t<\/div>\n\t\t\t\t\t<\/div>\n\t\t\t\t<\/div>\n\t\t\t\t<\/div>\n\t\t","protected":false},"excerpt":{"rendered":"","protected":false},"author":2,"featured_media":0,"parent":0,"menu_order":0,"comment_status":"closed","ping_status":"closed","template":"elementor_canvas","meta":{"site-sidebar-layout":"no-sidebar","site-content-layout":"page-builder","ast-site-content-layout":"full-width-container","site-content-style":"default","site-sidebar-style":"default","ast-global-header-display":"","ast-banner-title-visibility":"","ast-main-header-display":"","ast-hfb-above-header-display":"","ast-hfb-below-header-display":"","ast-hfb-mobile-header-display":"","site-post-title":"disabled","ast-breadcrumbs-content":"","ast-featured-img":"disabled","footer-sml-layout":"","theme-transparent-header-meta":"","adv-header-id-meta":"","stick-header-meta":"","header-above-stick-meta":"","header-main-stick-meta":"","header-below-stick-meta":"","astra-migrate-meta-layouts":"set","ast-page-background-enabled":"default","ast-page-background-meta":{"desktop":{"background-color":"var(--ast-global-color-4)","background-image":"","background-repeat":"repeat","background-position":"center center","background-size":"auto","background-attachment":"scroll","background-type":"","background-media":"","overlay-type":"","overlay-color":"","overlay-opacity":"","overlay-gradient":""},"tablet":{"background-color":"","background-image":"","background-repeat":"repeat","background-position":"center center","background-size":"auto","background-attachment":"scroll","background-type":"","background-media":"","overlay-type":"","overlay-color":"","overlay-opacity":"","overlay-gradient":""},"mobile":{"background-color":"","background-image":"","background-repeat":"repeat","background-position":"center center","background-size":"auto","background-attachment":"scroll","background-type":"","background-media":"","overlay-type":"","overlay-color":"","overlay-opacity":"","overlay-gradient":""}},"ast-content-background-meta":{"desktop":{"background-color":"var(--ast-global-color-5)","background-image":"","background-repeat":"repeat","background-position":"center center","background-size":"auto","background-attachment":"scroll","background-type":"","background-media":"","overlay-type":"","overlay-color":"","overlay-opacity":"","overlay-gradient":""},"tablet":{"background-color":"var(--ast-global-color-5)","background-image":"","background-repeat":"repeat","background-position":"center center","background-size":"auto","background-attachment":"scroll","background-type":"","background-media":"","overlay-type":"","overlay-color":"","overlay-opacity":"","overlay-gradient":""},"mobile":{"background-color":"var(--ast-global-color-5)","background-image":"","background-repeat":"repeat","background-position":"center center","background-size":"auto","background-attachment":"scroll","background-type":"","background-media":"","overlay-type":"","overlay-color":"","overlay-opacity":"","overlay-gradient":""}},"footnotes":""},"class_list":["post-1668","page","type-page","status-publish","hentry"],"_links":{"self":[{"href":"https:\/\/mktpromodigital.com.br\/clientes\/wp-json\/wp\/v2\/pages\/1668","targetHints":{"allow":["GET"]}}],"collection":[{"href":"https:\/\/mktpromodigital.com.br\/clientes\/wp-json\/wp\/v2\/pages"}],"about":[{"href":"https:\/\/mktpromodigital.com.br\/clientes\/wp-json\/wp\/v2\/types\/page"}],"author":[{"embeddable":true,"href":"https:\/\/mktpromodigital.com.br\/clientes\/wp-json\/wp\/v2\/users\/2"}],"replies":[{"embeddable":true,"href":"https:\/\/mktpromodigital.com.br\/clientes\/wp-json\/wp\/v2\/comments?post=1668"}],"version-history":[{"count":16,"href":"https:\/\/mktpromodigital.com.br\/clientes\/wp-json\/wp\/v2\/pages\/1668\/revisions"}],"predecessor-version":[{"id":2530,"href":"https:\/\/mktpromodigital.com.br\/clientes\/wp-json\/wp\/v2\/pages\/1668\/revisions\/2530"}],"wp:attachment":[{"href":"https:\/\/mktpromodigital.com.br\/clientes\/wp-json\/wp\/v2\/media?parent=1668"}],"curies":[{"name":"wp","href":"https:\/\/api.w.org\/{rel}","templated":true}]}}